{"id":642,"date":"2023-01-16T12:24:31","date_gmt":"2023-01-16T12:24:31","guid":{"rendered":"https:\/\/www.update.annebaardsgaard.no\/wp\/exhibitions\/"},"modified":"2023-01-21T15:31:59","modified_gmt":"2023-01-21T15:31:59","slug":"exhibitions","status":"publish","type":"page","link":"https:\/\/annebaardsgaard.no\/en\/exhibitions\/","title":{"rendered":"Exhibitions"},"content":{"rendered":"<p>[et_pb_section fb_built=&#8221;1&#8243; admin_label=&#8221;Selbuvotter, samleheader&#8221; _builder_version=&#8221;4.19.4&#8243; _module_preset=&#8221;374a8d79-a825-4317-8cfe-745cb3a9e2cb&#8221; collapsed=&#8221;on&#8221; global_colors_info=&#8221;{}&#8221;][et_pb_row _builder_version=&#8221;4.19.4&#8243; _module_preset=&#8221;default&#8221; custom_margin=&#8221;0px|2px|0px|0px|false|false&#8221; global_colors_info=&#8221;{}&#8221;][et_pb_column type=&#8221;4_4&#8243; _builder_version=&#8221;4.19.4&#8243; _module_preset=&#8221;default&#8221; global_colors_info=&#8221;{}&#8221;][et_pb_text admin_label=&#8221;I samarbeid med merete&#8221; _builder_version=&#8221;4.19.4&#8243; _module_preset=&#8221;7802a83b-a183-451a-9608-552ae1112358&#8243; global_colors_info=&#8221;{}&#8221;]<\/p>\n<h3>Selbuvotter (Selbu mittens) traveliing exhibition<\/h3>\n<p>[\/et_pb_text][\/et_pb_column][\/et_pb_row][\/et_pb_section][et_pb_section fb_built=&#8221;1&#8243; admin_label=&#8221;Selbuvotter, utstillingsoversikt&#8221; _builder_version=&#8221;4.19.4&#8243; _module_preset=&#8221;374a8d79-a825-4317-8cfe-745cb3a9e2cb&#8221; custom_margin=&#8221;0px|0px|0px|0px|false|false&#8221; collapsed=&#8221;on&#8221; global_colors_info=&#8221;{}&#8221;][et_pb_row _builder_version=&#8221;4.19.4&#8243; _module_preset=&#8221;default&#8221; global_colors_info=&#8221;{}&#8221;][et_pb_column type=&#8221;4_4&#8243; _builder_version=&#8221;4.19.4&#8243; _module_preset=&#8221;default&#8221; global_colors_info=&#8221;{}&#8221;][et_pb_text admin_label=&#8221;Selbuvotter&#8221; _builder_version=&#8221;4.19.4&#8243; _module_preset=&#8221;643d69c8-f018-4b70-8d69-5ab68cb5b559&#8243; global_colors_info=&#8221;{}&#8221;]<\/p>\n<h5>Selbuvotter<\/h5>\n<p>The exhibition has been donated to Selbu Bygdemuseum, where it is on permanent exhibit. Selbuvotter has its own <a href=\"http:\/\/selbuvotter.net\/utstill\/\" target=\"_blank\" rel=\"noopener\">website here<\/a>.<\/p>\n<p>[\/et_pb_text][\/et_pb_column][\/et_pb_row][\/et_pb_section][et_pb_section fb_built=&#8221;1&#8243; admin_label=&#8221;Selbuvotter, minigalleri&#8221; _builder_version=&#8221;4.19.4&#8243; _module_preset=&#8221;c7a17246-f45b-4c47-8936-356a351add28&#8243; custom_margin=&#8221;0px|0px|0px|0px|false|false&#8221; collapsed=&#8221;on&#8221; global_colors_info=&#8221;{}&#8221;][et_pb_row _builder_version=&#8221;4.19.4&#8243; _module_preset=&#8221;fccd2f47-a95f-4309-992c-f84a05f426d0&#8243; global_colors_info=&#8221;{}&#8221;][et_pb_column type=&#8221;4_4&#8243; _builder_version=&#8221;4.19.4&#8243; _module_preset=&#8221;default&#8221; global_colors_info=&#8221;{}&#8221;][et_pb_gallery gallery_ids=&#8221;526&#8243; _builder_version=&#8221;4.19.4&#8243; _module_preset=&#8221;1b6c36dc-9fc0-4f46-a502-83b12e184dba&#8221; hover_enabled=&#8221;0&#8243; global_colors_info=&#8221;{}&#8221; sticky_enabled=&#8221;0&#8243;][\/et_pb_gallery][\/et_pb_column][\/et_pb_row][\/et_pb_section][et_pb_section fb_built=&#8221;1&#8243; admin_label=&#8221;Utstillinger med merete, samleheader&#8221; _builder_version=&#8221;4.19.4&#8243; _module_preset=&#8221;374a8d79-a825-4317-8cfe-745cb3a9e2cb&#8221; custom_margin=&#8221;33px|0px|0px|0px|false|false&#8221; collapsed=&#8221;on&#8221; global_colors_info=&#8221;{}&#8221;][et_pb_row _builder_version=&#8221;4.19.4&#8243; _module_preset=&#8221;default&#8221; custom_margin=&#8221;0px|2px|0px|0px|false|false&#8221; global_colors_info=&#8221;{}&#8221;][et_pb_column type=&#8221;4_4&#8243; _builder_version=&#8221;4.19.4&#8243; _module_preset=&#8221;default&#8221; global_colors_info=&#8221;{}&#8221;][et_pb_text admin_label=&#8221;I samarbeid med merete&#8221; _builder_version=&#8221;4.19.4&#8243; _module_preset=&#8221;7802a83b-a183-451a-9608-552ae1112358&#8243; global_colors_info=&#8221;{}&#8221;]<\/p>\n<h3>Exhibitions in collaboration with Merete Christensen<\/h3>\n<p>[\/et_pb_text][\/et_pb_column][\/et_pb_row][\/et_pb_section][et_pb_section fb_built=&#8221;1&#8243; admin_label=&#8221;Divaer og s\u00e5nt, utstillingsheader&#8221; _builder_version=&#8221;4.19.4&#8243; _module_preset=&#8221;374a8d79-a825-4317-8cfe-745cb3a9e2cb&#8221; custom_margin=&#8221;0px|0px|0px|0px|false|false&#8221; collapsed=&#8221;on&#8221; global_colors_info=&#8221;{}&#8221;][et_pb_row _builder_version=&#8221;4.19.4&#8243; _module_preset=&#8221;default&#8221; collapsed=&#8221;off&#8221; global_colors_info=&#8221;{}&#8221;][et_pb_column type=&#8221;4_4&#8243; _builder_version=&#8221;4.19.4&#8243; _module_preset=&#8221;default&#8221; global_colors_info=&#8221;{}&#8221;][et_pb_text admin_label=&#8221;Divaer, hattkailler og gr\u00e5 mus&#8221; _builder_version=&#8221;4.19.4&#8243; _module_preset=&#8221;643d69c8-f018-4b70-8d69-5ab68cb5b559&#8243; global_colors_info=&#8221;{}&#8221;]<\/p>\n<h5>Divas, Geezers and Gray Mice<\/h5>\n<p>Kunstnerforbundet 2000<\/p>\n<p>[\/et_pb_text][\/et_pb_column][\/et_pb_row][\/et_pb_section][et_pb_section fb_built=&#8221;1&#8243; admin_label=&#8221;Divaer og s\u00e5nt, arbeider, diva&#8221; _builder_version=&#8221;4.19.4&#8243; _module_preset=&#8221;c7a17246-f45b-4c47-8936-356a351add28&#8243; collapsed=&#8221;on&#8221; global_colors_info=&#8221;{}&#8221;][et_pb_row _builder_version=&#8221;4.19.4&#8243; _module_preset=&#8221;fccd2f47-a95f-4309-992c-f84a05f426d0&#8243; global_colors_info=&#8221;{}&#8221;][et_pb_column type=&#8221;4_4&#8243; _builder_version=&#8221;4.19.4&#8243; _module_preset=&#8221;default&#8221; global_colors_info=&#8221;{}&#8221;][et_pb_text admin_label=&#8221;Divaer&#8221; _builder_version=&#8221;4.19.4&#8243; _module_preset=&#8221;643d69c8-f018-4b70-8d69-5ab68cb5b559&#8243; custom_margin=&#8221;||7px||false|false&#8221; global_colors_info=&#8221;{}&#8221;]<\/p>\n<h6>Diva<\/h6>\n<p>[\/et_pb_text][et_pb_gallery gallery_ids=&#8221;522&#8243; show_pagination=&#8221;off&#8221; _builder_version=&#8221;4.19.4&#8243; _module_preset=&#8221;1b6c36dc-9fc0-4f46-a502-83b12e184dba&#8221; custom_padding=&#8221;||0px|||&#8221; global_colors_info=&#8221;{}&#8221;][\/et_pb_gallery][\/et_pb_column][\/et_pb_row][\/et_pb_section][et_pb_section fb_built=&#8221;1&#8243; admin_label=&#8221;Divaer og s\u00e5nt, arbeider, hattkailla&#8221; _builder_version=&#8221;4.19.4&#8243; _module_preset=&#8221;c7a17246-f45b-4c47-8936-356a351add28&#8243; collapsed=&#8221;on&#8221; global_colors_info=&#8221;{}&#8221;][et_pb_row _builder_version=&#8221;4.19.4&#8243; _module_preset=&#8221;fccd2f47-a95f-4309-992c-f84a05f426d0&#8243; global_colors_info=&#8221;{}&#8221;][et_pb_column type=&#8221;4_4&#8243; _builder_version=&#8221;4.19.4&#8243; _module_preset=&#8221;default&#8221; global_colors_info=&#8221;{}&#8221;][et_pb_text admin_label=&#8221;Hattkailler og gr\u00e5 mus&#8221; _builder_version=&#8221;4.19.4&#8243; _module_preset=&#8221;643d69c8-f018-4b70-8d69-5ab68cb5b559&#8243; custom_margin=&#8221;||12px||false|false&#8221; global_colors_info=&#8221;{}&#8221;]<\/p>\n<h6>Geezers and Gray mice<\/h6>\n<p>[\/et_pb_text][et_pb_gallery gallery_ids=&#8221;523,525&#8243; _builder_version=&#8221;4.19.4&#8243; _module_preset=&#8221;1b6c36dc-9fc0-4f46-a502-83b12e184dba&#8221; custom_margin=&#8221;-7px||0px||false|false&#8221; global_colors_info=&#8221;{}&#8221;][\/et_pb_gallery][\/et_pb_column][\/et_pb_row][\/et_pb_section][et_pb_section fb_built=&#8221;1&#8243; admin_label=&#8221;Tendenser, utstillingsheader&#8221; _builder_version=&#8221;4.19.4&#8243; _module_preset=&#8221;374a8d79-a825-4317-8cfe-745cb3a9e2cb&#8221; collapsed=&#8221;on&#8221; global_colors_info=&#8221;{}&#8221;][et_pb_row _builder_version=&#8221;4.19.4&#8243; _module_preset=&#8221;default&#8221; global_colors_info=&#8221;{}&#8221;][et_pb_column type=&#8221;4_4&#8243; _builder_version=&#8221;4.19.4&#8243; _module_preset=&#8221;default&#8221; global_colors_info=&#8221;{}&#8221;][et_pb_text admin_label=&#8221;Tendenser utstillingsheader&#8221; _builder_version=&#8221;4.19.4&#8243; _module_preset=&#8221;643d69c8-f018-4b70-8d69-5ab68cb5b559&#8243; global_colors_info=&#8221;{}&#8221;]<\/p>\n<h5>Tendencies<\/h5>\n<p>Galleri F15, Jel\u00f8ya, 2000<\/p>\n<p>[\/et_pb_text][\/et_pb_column][\/et_pb_row][\/et_pb_section][et_pb_section fb_built=&#8221;1&#8243; admin_label=&#8221;Tendenser, arbeider&#8221; _builder_version=&#8221;4.19.4&#8243; _module_preset=&#8221;c7a17246-f45b-4c47-8936-356a351add28&#8243; collapsed=&#8221;off&#8221; global_colors_info=&#8221;{}&#8221;][et_pb_row _builder_version=&#8221;4.19.4&#8243; _module_preset=&#8221;fccd2f47-a95f-4309-992c-f84a05f426d0&#8243; global_colors_info=&#8221;{}&#8221;][et_pb_column type=&#8221;4_4&#8243; _builder_version=&#8221;4.19.4&#8243; _module_preset=&#8221;default&#8221; global_colors_info=&#8221;{}&#8221;][et_pb_text admin_label=&#8221;Hei Grete&#8221; _builder_version=&#8221;4.19.4&#8243; _module_preset=&#8221;643d69c8-f018-4b70-8d69-5ab68cb5b559&#8243; custom_margin=&#8221;||12px||false|false&#8221; custom_padding=&#8221;||0px||false|false&#8221; global_colors_info=&#8221;{}&#8221;]<\/p>\n<h6>Hei Grete!<\/h6>\n<p>[\/et_pb_text][et_pb_gallery gallery_ids=&#8221;524&#8243; admin_label=&#8221;Gallery, heei grete&#8221; _builder_version=&#8221;4.19.4&#8243; _module_preset=&#8221;1b6c36dc-9fc0-4f46-a502-83b12e184dba&#8221; custom_margin=&#8221;-7px||0px||false|false&#8221; global_colors_info=&#8221;{}&#8221;][\/et_pb_gallery][\/et_pb_column][\/et_pb_row][\/et_pb_section][et_pb_section fb_built=&#8221;1&#8243; admin_label=&#8221;Tendenser, arbeid, kvadrant&#8221; _builder_version=&#8221;4.19.4&#8243; _module_preset=&#8221;c7a17246-f45b-4c47-8936-356a351add28&#8243; global_colors_info=&#8221;{}&#8221;][et_pb_row _builder_version=&#8221;4.19.4&#8243; _module_preset=&#8221;fccd2f47-a95f-4309-992c-f84a05f426d0&#8243; global_colors_info=&#8221;{}&#8221;][et_pb_column type=&#8221;4_4&#8243; _builder_version=&#8221;4.19.4&#8243; _module_preset=&#8221;default&#8221; global_colors_info=&#8221;{}&#8221;][et_pb_text admin_label=&#8221;Kvadrant&#8221; _builder_version=&#8221;4.19.4&#8243; _module_preset=&#8221;643d69c8-f018-4b70-8d69-5ab68cb5b559&#8243; custom_margin=&#8221;0px||4px||false|false&#8221; global_colors_info=&#8221;{}&#8221;]<\/p>\n<h6>Kvadrant<\/h6>\n<p>[\/et_pb_text][et_pb_gallery gallery_ids=&#8221;527,528&#8243; admin_label=&#8221;Gallery, kvadrant&#8221; _builder_version=&#8221;4.19.4&#8243; _module_preset=&#8221;1b6c36dc-9fc0-4f46-a502-83b12e184dba&#8221; custom_margin=&#8221;6px||0px||false|false&#8221; global_colors_info=&#8221;{}&#8221;][\/et_pb_gallery][\/et_pb_column][\/et_pb_row][\/et_pb_section][et_pb_section fb_built=&#8221;1&#8243; admin_label=&#8221;NKH \u00e5rsutstilling 1997, utstillingsheader &#8221; _builder_version=&#8221;4.19.4&#8243; _module_preset=&#8221;374a8d79-a825-4317-8cfe-745cb3a9e2cb&#8221; custom_padding=&#8221;0px|0px|0px|0px|false|false&#8221; collapsed=&#8221;on&#8221; global_colors_info=&#8221;{}&#8221;][et_pb_row _builder_version=&#8221;4.19.4&#8243; _module_preset=&#8221;default&#8221; global_colors_info=&#8221;{}&#8221;][et_pb_column type=&#8221;4_4&#8243; _builder_version=&#8221;4.19.4&#8243; _module_preset=&#8221;default&#8221; global_colors_info=&#8221;{}&#8221;][et_pb_text admin_label=&#8221;NKH \u00e5rsutstilling 1997, utstillingsheader&#8221; _builder_version=&#8221;4.19.4&#8243; _module_preset=&#8221;643d69c8-f018-4b70-8d69-5ab68cb5b559&#8243; global_colors_info=&#8221;{}&#8221;]<\/p>\n<h5>Norsk Kunsth\u00e5ndverk \u00e5rsutstilling 1997<\/h5>\n<p>[\/et_pb_text][\/et_pb_column][\/et_pb_row][\/et_pb_section][et_pb_section fb_built=&#8221;1&#8243; admin_label=&#8221;NKH \u00e5rsutstilling 1997, arbeider&#8221; _builder_version=&#8221;4.19.4&#8243; _module_preset=&#8221;c7a17246-f45b-4c47-8936-356a351add28&#8243; collapsed=&#8221;off&#8221; global_colors_info=&#8221;{}&#8221;][et_pb_row _builder_version=&#8221;4.19.4&#8243; _module_preset=&#8221;fccd2f47-a95f-4309-992c-f84a05f426d0&#8243; custom_margin=&#8221;16px|0px|0px|0px|false|false&#8221; global_colors_info=&#8221;{}&#8221;][et_pb_column type=&#8221;4_4&#8243; _builder_version=&#8221;4.19.4&#8243; _module_preset=&#8221;default&#8221; global_colors_info=&#8221;{}&#8221;][et_pb_text admin_label=&#8221;Tekstil veggdekor&#8221; _builder_version=&#8221;4.19.4&#8243; _module_preset=&#8221;643d69c8-f018-4b70-8d69-5ab68cb5b559&#8243; custom_margin=&#8221;||19px||false|false&#8221; custom_padding=&#8221;||0px||false|false&#8221; global_colors_info=&#8221;{}&#8221;]<\/p>\n<h6>Textile wall decoration<\/h6>\n<p>[\/et_pb_text][et_pb_gallery gallery_ids=&#8221;529,530&#8243; admin_label=&#8221;Gallery, veggdekor&#8221; _builder_version=&#8221;4.19.4&#8243; _module_preset=&#8221;1b6c36dc-9fc0-4f46-a502-83b12e184dba&#8221; custom_margin=&#8221;-12px||0px||false|false&#8221; global_colors_info=&#8221;{}&#8221;][\/et_pb_gallery][\/et_pb_column][\/et_pb_row][\/et_pb_section][et_pb_section fb_built=&#8221;1&#8243; admin_label=&#8221;Samarbeid 1997, utstillingsheader&#8221; _builder_version=&#8221;4.19.4&#8243; _module_preset=&#8221;374a8d79-a825-4317-8cfe-745cb3a9e2cb&#8221; custom_padding=&#8221;4px|0px|0px||false|false&#8221; collapsed=&#8221;on&#8221; global_colors_info=&#8221;{}&#8221;][et_pb_row _builder_version=&#8221;4.19.4&#8243; _module_preset=&#8221;f24e7245-de6a-4ec8-a663-594e38bacf0b&#8221; global_colors_info=&#8221;{}&#8221;][et_pb_column type=&#8221;4_4&#8243; _builder_version=&#8221;4.19.4&#8243; _module_preset=&#8221;default&#8221; global_colors_info=&#8221;{}&#8221;][et_pb_text admin_label=&#8221;Samarbeid 1997, utstillingsheader&#8221; _builder_version=&#8221;4.19.4&#8243; _module_preset=&#8221;643d69c8-f018-4b70-8d69-5ab68cb5b559&#8243; global_colors_info=&#8221;{}&#8221;]<\/p>\n<h5>Collaboration 1997<\/h5>\n<p>[\/et_pb_text][\/et_pb_column][\/et_pb_row][\/et_pb_section][et_pb_section fb_built=&#8221;1&#8243; admin_label=&#8221;Samarbeid 1997, arbeid&#8221; _builder_version=&#8221;4.19.4&#8243; _module_preset=&#8221;c7a17246-f45b-4c47-8936-356a351add28&#8243; custom_margin=&#8221;7px|0px|0px|0px|false|false&#8221; collapsed=&#8221;off&#8221; global_colors_info=&#8221;{}&#8221;][et_pb_row _builder_version=&#8221;4.19.4&#8243; _module_preset=&#8221;fccd2f47-a95f-4309-992c-f84a05f426d0&#8243; global_colors_info=&#8221;{}&#8221;][et_pb_column type=&#8221;4_4&#8243; _builder_version=&#8221;4.19.4&#8243; _module_preset=&#8221;default&#8221; global_colors_info=&#8221;{}&#8221;][et_pb_text admin_label=&#8221;Stjernegulv&#8221; _builder_version=&#8221;4.19.4&#8243; _module_preset=&#8221;643d69c8-f018-4b70-8d69-5ab68cb5b559&#8243; custom_margin=&#8221;||19px||false|false&#8221; custom_padding=&#8221;||0px||false|false&#8221; global_colors_info=&#8221;{}&#8221;]<\/p>\n<h6>Star floor<\/h6>\n<p>[\/et_pb_text][et_pb_gallery gallery_ids=&#8221;531&#8243; _builder_version=&#8221;4.19.4&#8243; _module_preset=&#8221;1b6c36dc-9fc0-4f46-a502-83b12e184dba&#8221; custom_margin=&#8221;-12px||0px||false|false&#8221; global_colors_info=&#8221;{}&#8221;][\/et_pb_gallery][\/et_pb_column][\/et_pb_row][\/et_pb_section]<\/p>\n","protected":false},"excerpt":{"rendered":"<p>Selbuvotter (Selbu mittens) traveliing exhibitionSelbuvotter The exhibition has been donated to Selbu Bygdemuseum, where it is on permanent exhibit. Selbuvotter has its own website here.Exhibitions in collaboration with Merete ChristensenDivas, Geezers and Gray Mice Kunstnerforbundet 2000DivaGeezers and Gray miceTendencies Galleri F15, Jel\u00f8ya, 2000Hei Grete!KvadrantNorsk Kunsth\u00e5ndverk \u00e5rsutstilling 1997Textile wall decorationCollaboration 1997Star floor<\/p>\n","protected":false},"author":1,"featured_media":0,"parent":0,"menu_order":0,"comment_status":"closed","ping_status":"closed","template":"","meta":{"_et_pb_use_builder":"on","_et_pb_old_content":"","_et_gb_content_width":"","footnotes":""},"class_list":["post-642","page","type-page","status-publish","hentry"],"_links":{"self":[{"href":"https:\/\/annebaardsgaard.no\/en\/wp-json\/wp\/v2\/pages\/642","targetHints":{"allow":["GET"]}}],"collection":[{"href":"https:\/\/annebaardsgaard.no\/en\/wp-json\/wp\/v2\/pages"}],"about":[{"href":"https:\/\/annebaardsgaard.no\/en\/wp-json\/wp\/v2\/types\/page"}],"author":[{"embeddable":true,"href":"https:\/\/annebaardsgaard.no\/en\/wp-json\/wp\/v2\/users\/1"}],"replies":[{"embeddable":true,"href":"https:\/\/annebaardsgaard.no\/en\/wp-json\/wp\/v2\/comments?post=642"}],"version-history":[{"count":3,"href":"https:\/\/annebaardsgaard.no\/en\/wp-json\/wp\/v2\/pages\/642\/revisions"}],"predecessor-version":[{"id":645,"href":"https:\/\/annebaardsgaard.no\/en\/wp-json\/wp\/v2\/pages\/642\/revisions\/645"}],"wp:attachment":[{"href":"https:\/\/annebaardsgaard.no\/en\/wp-json\/wp\/v2\/media?parent=642"}],"curies":[{"name":"wp","href":"https:\/\/api.w.org\/{rel}","templated":true}]}}