{"id":624,"date":"2023-01-20T17:22:50","date_gmt":"2023-01-20T17:22:50","guid":{"rendered":"https:\/\/www.update.annebaardsgaard.no\/wp\/handlag\/"},"modified":"2023-01-21T15:01:23","modified_gmt":"2023-01-21T15:01:23","slug":"handlag","status":"publish","type":"page","link":"https:\/\/annebaardsgaard.no\/en\/handlag\/","title":{"rendered":"Handlag"},"content":{"rendered":"<p>[et_pb_section fb_built=&#8221;1&#8243; _builder_version=&#8221;4.19.4&#8243; _module_preset=&#8221;c9501060-3a1e-4dfb-a1e3-3ada6a92b9a6&#8243; collapsed=&#8221;off&#8221; global_colors_info=&#8221;{}&#8221; hover_enabled=&#8221;0&#8243; sticky_enabled=&#8221;0&#8243;][et_pb_row _builder_version=&#8221;4.19.4&#8243; _module_preset=&#8221;f24e7245-de6a-4ec8-a663-594e38bacf0b&#8221; global_colors_info=&#8221;{}&#8221;][et_pb_column type=&#8221;4_4&#8243; _builder_version=&#8221;4.19.4&#8243; _module_preset=&#8221;default&#8221; global_colors_info=&#8221;{}&#8221;][et_pb_text _builder_version=&#8221;4.19.4&#8243; _module_preset=&#8221;0ea86602-865f-4526-bca3-cdd21185139e&#8221; global_colors_info=&#8221;{}&#8221;]<\/p>\n<h1>Handlag<\/h1>\n<p>[\/et_pb_text][\/et_pb_column][\/et_pb_row][\/et_pb_section][et_pb_section fb_built=&#8221;1&#8243; _builder_version=&#8221;4.19.4&#8243; _module_preset=&#8221;fab4eb33-fc3d-4975-878b-6b86618ea789&#8243; hover_enabled=&#8221;0&#8243; collapsed=&#8221;off&#8221; global_colors_info=&#8221;{}&#8221; sticky_enabled=&#8221;0&#8243;][et_pb_row _builder_version=&#8221;4.19.4&#8243; _module_preset=&#8221;f24e7245-de6a-4ec8-a663-594e38bacf0b&#8221; global_colors_info=&#8221;{}&#8221;][et_pb_column type=&#8221;4_4&#8243; _builder_version=&#8221;4.19.4&#8243; _module_preset=&#8221;default&#8221; global_colors_info=&#8221;{}&#8221;][et_pb_image src=&#8221;https:\/\/annebaardsgaard.no\/wp-content\/uploads\/2023\/01\/handlag-duo.jpg&#8221; title_text=&#8221;handlag-duo&#8221; align=&#8221;center&#8221; _builder_version=&#8221;4.19.4&#8243; _module_preset=&#8221;default&#8221; module_alignment=&#8221;center&#8221; global_colors_info=&#8221;{}&#8221;][\/et_pb_image][et_pb_text _builder_version=&#8221;4.19.4&#8243; _module_preset=&#8221;0ea86602-865f-4526-bca3-cdd21185139e&#8221; global_colors_info=&#8221;{}&#8221;]<\/p>\n<h5>To keep handicrafts alive<\/h5>\n<p>Together with textile artist Karin Aurora Lindell I founded project Handlag. Together we designed the LIVE WELL and FAIRYTALE collections, collections consisting of material packs for woolen embroidery of pillows, table runners, and pin cushions. These are exclusive and beautiful artifacts, for decoration and enjoyment, in new design developed under the motto:<\/p>\n<h5>\u201dPast heritage \u2013 Future heirloom\u201d<\/h5>\n<p>The woolen embroideries are based in old Norwegian traditions, dating all the way back to the viking ages and the Oseberg Ship. The motifs are inspired by lush, Norwegian folk art, but embroidery is a decorative art know all around the globe. In the Nordic woolen embroidery have been used as decoration on pillows, carpets, tablecloths, tapestries, shawls, and mittens, but these days the technique is maybe most known from bunadmaking. Typical motifs are flowers, animals, figures and ornaments.<\/p>\n<p>The motifs in this collection have roots in items found on Norwegian mueums, somedating as far back as the 17th century. Often these appear as paintings, where the seamstress with needle and thread have created their own private depictions of life, with beautiful details rich in color. Here we find, amongst others, mermaids and deers, tulips and knights.<\/p>\n<h5>Handlag is the art of craftsmanship<\/h5>\n<p>Materialet i putene og l\u00f8perne er norsk og best\u00e5r av klede fra R\u00f8ros-tweed og garn fra Rauma ullvarefabrikk. The products were sold from 2009 to 2013 as ready made handicraft kits, drawn up with seam instructions, ready to embroider. Pillows and table runners were dated based on when they were designed, but it\u2019s of course alright to embroider dates and monograms of choice, as well as adding initials to the pillow\u2019s rear.<\/p>\n<p>&nbsp;<\/p>\n<h5>Happy handicrafting!<\/h5>\n<p>[\/et_pb_text][et_pb_text _builder_version=&#8221;4.19.4&#8243; _module_preset=&#8221;0ea86602-865f-4526-bca3-cdd21185139e&#8221; custom_margin=&#8221;||0px||false|false&#8221; global_colors_info=&#8221;{}&#8221;]<\/p>\n<h4>Fairtytale<\/h4>\n<p>[\/et_pb_text][et_pb_image src=&#8221;https:\/\/annebaardsgaard.no\/wp-content\/uploads\/2023\/01\/handlag-eventyr.jpg&#8221; title_text=&#8221;Fairtytale&#8221; _builder_version=&#8221;4.19.4&#8243; _module_preset=&#8221;default&#8221; global_colors_info=&#8221;{}&#8221;][\/et_pb_image][et_pb_gallery gallery_ids=&#8221;564,565,566,567,568,569,570,571&#8243; _builder_version=&#8221;4.19.4&#8243; _module_preset=&#8221;7ff85745-cba7-4582-95d1-2741cac079fb&#8221; global_colors_info=&#8221;{}&#8221;][\/et_pb_gallery][et_pb_text _builder_version=&#8221;4.19.4&#8243; _module_preset=&#8221;0ea86602-865f-4526-bca3-cdd21185139e&#8221; custom_margin=&#8221;||0px||false|false&#8221; global_colors_info=&#8221;{}&#8221;]<\/p>\n<h4>Live well<\/h4>\n<p>[\/et_pb_text][et_pb_image src=&#8221;https:\/\/annebaardsgaard.no\/wp-content\/uploads\/2023\/01\/handlag-lev-vel.jpg&#8221; title_text=&#8221;Live well&#8221; _builder_version=&#8221;4.19.4&#8243; _module_preset=&#8221;default&#8221; global_colors_info=&#8221;{}&#8221;][\/et_pb_image][et_pb_gallery gallery_ids=&#8221;572,573,574,575,576,577,578,579,580&#8243; _builder_version=&#8221;4.19.4&#8243; _module_preset=&#8221;7ff85745-cba7-4582-95d1-2741cac079fb&#8221; global_colors_info=&#8221;{}&#8221;][\/et_pb_gallery][\/et_pb_column][\/et_pb_row][\/et_pb_section]<\/p>\n","protected":false},"excerpt":{"rendered":"<p>HandlagTo keep handicrafts alive Together with textile artist Karin Aurora Lindell I founded project Handlag. Together we designed the LIVE WELL and FAIRYTALE collections, collections consisting of material packs for woolen embroidery of pillows, table runners, and pin cushions. These are exclusive and beautiful artifacts, for decoration and enjoyment, in new design developed under the [&hellip;]<\/p>\n","protected":false},"author":1,"featured_media":0,"parent":0,"menu_order":0,"comment_status":"closed","ping_status":"closed","template":"","meta":{"_et_pb_use_builder":"on","_et_pb_old_content":"","_et_gb_content_width":"","footnotes":""},"class_list":["post-624","page","type-page","status-publish","hentry"],"_links":{"self":[{"href":"https:\/\/annebaardsgaard.no\/en\/wp-json\/wp\/v2\/pages\/624","targetHints":{"allow":["GET"]}}],"collection":[{"href":"https:\/\/annebaardsgaard.no\/en\/wp-json\/wp\/v2\/pages"}],"about":[{"href":"https:\/\/annebaardsgaard.no\/en\/wp-json\/wp\/v2\/types\/page"}],"author":[{"embeddable":true,"href":"https:\/\/annebaardsgaard.no\/en\/wp-json\/wp\/v2\/users\/1"}],"replies":[{"embeddable":true,"href":"https:\/\/annebaardsgaard.no\/en\/wp-json\/wp\/v2\/comments?post=624"}],"version-history":[{"count":3,"href":"https:\/\/annebaardsgaard.no\/en\/wp-json\/wp\/v2\/pages\/624\/revisions"}],"predecessor-version":[{"id":627,"href":"https:\/\/annebaardsgaard.no\/en\/wp-json\/wp\/v2\/pages\/624\/revisions\/627"}],"wp:attachment":[{"href":"https:\/\/annebaardsgaard.no\/en\/wp-json\/wp\/v2\/media?parent=624"}],"curies":[{"name":"wp","href":"https:\/\/api.w.org\/{rel}","templated":true}]}}